{"id":288,"date":"2024-01-11T13:40:57","date_gmt":"2024-01-11T12:40:57","guid":{"rendered":"http:\/\/www.villadaturismo.com\/historia\/?page_id=288"},"modified":"2024-11-28T12:59:18","modified_gmt":"2024-11-28T11:59:18","slug":"curiosidades","status":"publish","type":"page","link":"https:\/\/www.villadaturismo.com\/historia\/curiosidades\/","title":{"rendered":"Curiosidades"},"content":{"rendered":"<ul style=\"line-height:1.7; padding-right:var(--wp--preset--spacing--70);padding-left:var(--wp--preset--spacing--70);padding-top:var(--wp--preset--spacing--80);padding-bottom:var(--wp--preset--spacing--80);margin-right:var(--wp--preset--spacing--70);margin-left:var(--wp--preset--spacing--70);margin-top:var(--wp--preset--spacing--80);margin-bottom:var(--wp--preset--spacing--80);\" class=\"wp-block-latest-posts__list has-link-color alignleft wp-elements-c48e416cb8853c0784482c16afd729df wp-block-latest-posts has-medium-font-size\"><li><a class=\"wp-block-latest-posts__post-title\" href=\"https:\/\/www.villadaturismo.com\/historia\/villada-en-la-picara-justina\/\">Villada en la P\u00edcara Justina.<\/a><div class=\"wp-block-latest-posts__post-excerpt\">Extracto del libro La P\u00edcara Justina, de 1605 donde ya&#8230; <a class=\"wp-block-latest-posts__read-more\" href=\"https:\/\/www.villadaturismo.com\/historia\/villada-en-la-picara-justina\/\" rel=\"noopener noreferrer\">Lee m\u00e1s<span class=\"screen-reader-text\">: Villada en la P\u00edcara Justina.<\/span><\/a><\/div><\/li>\n<li><a class=\"wp-block-latest-posts__post-title\" href=\"https:\/\/www.villadaturismo.com\/historia\/villada-en-el-romancero-del-mio-cid\/\">Villada en el romancero del m\u00edo Cid.<\/a><div class=\"wp-block-latest-posts__post-excerpt\">ROMANCE XXXV Fuente: Romancero, e historia del muy valeroso Caballero&#8230; <a class=\"wp-block-latest-posts__read-more\" href=\"https:\/\/www.villadaturismo.com\/historia\/villada-en-el-romancero-del-mio-cid\/\" rel=\"noopener noreferrer\">Lee m\u00e1s<span class=\"screen-reader-text\">: Villada en el romancero del m\u00edo Cid.<\/span><\/a><\/div><\/li>\n<li><a class=\"wp-block-latest-posts__post-title\" href=\"https:\/\/www.villadaturismo.com\/historia\/industria-entorno-a-1794\/\">Industria entorno a 1794<\/a><div class=\"wp-block-latest-posts__post-excerpt\">Antes de la Guerra de la Independencia en Villada habia&#8230; <a class=\"wp-block-latest-posts__read-more\" href=\"https:\/\/www.villadaturismo.com\/historia\/industria-entorno-a-1794\/\" rel=\"noopener noreferrer\">Lee m\u00e1s<span class=\"screen-reader-text\">: Industria entorno a 1794<\/span><\/a><\/div><\/li>\n<li><a class=\"wp-block-latest-posts__post-title\" href=\"https:\/\/www.villadaturismo.com\/historia\/por-donde-se-recibia-el-pescado-para-el-mercado-de-villada\/\">\u00bfPor donde se recib\u00eda el pescado para el mercado de Villada?<\/a><div class=\"wp-block-latest-posts__post-excerpt\">Siguiendo el r\u00edo Cea hab\u00eda un camino Norte-sur. En Almanza&#8230; <a class=\"wp-block-latest-posts__read-more\" href=\"https:\/\/www.villadaturismo.com\/historia\/por-donde-se-recibia-el-pescado-para-el-mercado-de-villada\/\" rel=\"noopener noreferrer\">Lee m\u00e1s<span class=\"screen-reader-text\">: \u00bfPor donde se recib\u00eda el pescado para el mercado de Villada?<\/span><\/a><\/div><\/li>\n<li><a class=\"wp-block-latest-posts__post-title\" href=\"https:\/\/www.villadaturismo.com\/historia\/el-puente-de-villada\/\">El puente de Villada.<\/a><div class=\"wp-block-latest-posts__post-excerpt\">Juan de Nantes, natural de Secadura ( Santander) trabajaba en&#8230; <a class=\"wp-block-latest-posts__read-more\" href=\"https:\/\/www.villadaturismo.com\/historia\/el-puente-de-villada\/\" rel=\"noopener noreferrer\">Lee m\u00e1s<span class=\"screen-reader-text\">: El puente de Villada.<\/span><\/a><\/div><\/li>\n<li><a class=\"wp-block-latest-posts__post-title\" href=\"https:\/\/www.villadaturismo.com\/historia\/carta-foral-1100\/\">CARTA FORAL 1100<\/a><div class=\"wp-block-latest-posts__post-excerpt\">En \u00abPanor\u00e1mica Foral de la provincia de Palencia\u00bb, obra de&#8230; <a class=\"wp-block-latest-posts__read-more\" href=\"https:\/\/www.villadaturismo.com\/historia\/carta-foral-1100\/\" rel=\"noopener noreferrer\">Lee m\u00e1s<span class=\"screen-reader-text\">: CARTA FORAL 1100<\/span><\/a><\/div><\/li>\n<li><a class=\"wp-block-latest-posts__post-title\" href=\"https:\/\/www.villadaturismo.com\/historia\/documentos-historicos-sobre-pozuelos-del-rey\/\">Documentos Hist\u00f3ricos sobre cofrad\u00edas en Pozuelos del Rey<\/a><div class=\"wp-block-latest-posts__post-excerpt\"><\/div><\/li>\n<li><a class=\"wp-block-latest-posts__post-title\" href=\"https:\/\/www.villadaturismo.com\/historia\/villada-fortificada-958\/\">Villada fortificada 958<\/a><div class=\"wp-block-latest-posts__post-excerpt\">\u00bfEstaba Villada fortificada? Entre los siglos X y XI una&#8230; <a class=\"wp-block-latest-posts__read-more\" href=\"https:\/\/www.villadaturismo.com\/historia\/villada-fortificada-958\/\" rel=\"noopener noreferrer\">Lee m\u00e1s<span class=\"screen-reader-text\">: Villada fortificada 958<\/span><\/a><\/div><\/li>\n<li><a class=\"wp-block-latest-posts__post-title\" href=\"https:\/\/www.villadaturismo.com\/historia\/origen-de-villamuza-y-matilla\/\">Origen de Villamuza y Matilla<\/a><div class=\"wp-block-latest-posts__post-excerpt\">27 de agosto de 958 Villamuza y Matilla aparecen mencionados&#8230; <a class=\"wp-block-latest-posts__read-more\" href=\"https:\/\/www.villadaturismo.com\/historia\/origen-de-villamuza-y-matilla\/\" rel=\"noopener noreferrer\">Lee m\u00e1s<span class=\"screen-reader-text\">: Origen de Villamuza y Matilla<\/span><\/a><\/div><\/li>\n<li><a class=\"wp-block-latest-posts__post-title\" href=\"https:\/\/www.villadaturismo.com\/historia\/alfonso-iii-905\/\">Alfonso III 905<\/a><div class=\"wp-block-latest-posts__post-excerpt\">Informaci\u00f3n obtenido en la colecci\u00f3n Diplom\u00e1tica del Monasterio de Sahag\u00fan&#8230; <a class=\"wp-block-latest-posts__read-more\" href=\"https:\/\/www.villadaturismo.com\/historia\/alfonso-iii-905\/\" rel=\"noopener noreferrer\">Lee m\u00e1s<span class=\"screen-reader-text\">: Alfonso III 905<\/span><\/a><\/div><\/li>\n<li><a class=\"wp-block-latest-posts__post-title\" href=\"https:\/\/www.villadaturismo.com\/historia\/hija-adoptiva-familia-carlos-casado-del-alisal\/\">Acuerdo de donaci\u00f3n de Carlos Casado para la creaci\u00f3n de la residencia de ancianos.<\/a><div class=\"wp-block-latest-posts__post-excerpt\">En la sesi\u00f3n ordinaria de 14 de enero de 1905&#8230; <a class=\"wp-block-latest-posts__read-more\" href=\"https:\/\/www.villadaturismo.com\/historia\/hija-adoptiva-familia-carlos-casado-del-alisal\/\" rel=\"noopener noreferrer\">Lee m\u00e1s<span class=\"screen-reader-text\">: Acuerdo de donaci\u00f3n de Carlos Casado para la creaci\u00f3n de la residencia de ancianos.<\/span><\/a><\/div><\/li>\n<li><a class=\"wp-block-latest-posts__post-title\" href=\"https:\/\/www.villadaturismo.com\/historia\/recopilacion-numeros-de-la-revista-impulso\/\">Recopilaci\u00f3n n\u00fameros de la revista Impulso.<\/a><div class=\"wp-block-latest-posts__post-excerpt\">Diferentes n\u00fameros de la revista impulso, publicada en Villada durante&#8230; <a class=\"wp-block-latest-posts__read-more\" href=\"https:\/\/www.villadaturismo.com\/historia\/recopilacion-numeros-de-la-revista-impulso\/\" rel=\"noopener noreferrer\">Lee m\u00e1s<span class=\"screen-reader-text\">: Recopilaci\u00f3n n\u00fameros de la revista Impulso.<\/span><\/a><\/div><\/li>\n<li><a class=\"wp-block-latest-posts__post-title\" href=\"https:\/\/www.villadaturismo.com\/historia\/reglamento-de-la-sociedad-de-recreo-de-villada-1878\/\">Reglamento de la Sociedad de Recreo de Villada 1878<\/a><div class=\"wp-block-latest-posts__post-excerpt\">1878 Reglamento de la sociedad dram\u00e1tica y de recreo de&#8230; <a class=\"wp-block-latest-posts__read-more\" href=\"https:\/\/www.villadaturismo.com\/historia\/reglamento-de-la-sociedad-de-recreo-de-villada-1878\/\" rel=\"noopener noreferrer\">Lee m\u00e1s<span class=\"screen-reader-text\">: Reglamento de la Sociedad de Recreo de Villada 1878<\/span><\/a><\/div><\/li>\n<li><a class=\"wp-block-latest-posts__post-title\" href=\"https:\/\/www.villadaturismo.com\/historia\/apunte-sobre-el-trinitario-implicadoen-el-episodio-culminante-de-la-locuradel-principe-don-carlos-de-austria\/\">APUNTE SOBRE EL TRINITARIO IMPLICADOEN EL EPISODIO CULMINANTE DE LA LOCURADEL PR\u00cdNCIPE DON CARLOS DE AUSTRIA<\/a><div class=\"wp-block-latest-posts__post-excerpt\"><\/div><\/li>\n<li><a class=\"wp-block-latest-posts__post-title\" href=\"https:\/\/www.villadaturismo.com\/historia\/carlos-casado-del-alisal-obra-y-vida\/\">Carlos Casado del Alisal. Obra y Vida.<\/a><div class=\"wp-block-latest-posts__post-excerpt\"><\/div><\/li>\n<\/ul>","protected":false},"excerpt":{"rendered":"","protected":false},"author":1,"featured_media":0,"parent":0,"menu_order":0,"comment_status":"closed","ping_status":"closed","template":"","meta":{"tpgb_global_settings":"","site-sidebar-layout":"default","site-content-layout":"","ast-site-content-layout":"","site-content-style":"default","site-sidebar-style":"default","ast-global-header-display":"","ast-banner-title-visibility":"","ast-main-header-display":"","ast-hfb-above-header-display":"","ast-hfb-below-header-display":"","ast-hfb-mobile-header-display":"","site-post-title":"","ast-breadcrumbs-content":"","ast-featured-img":"","footer-sml-layout":"","theme-transparent-header-meta":"","adv-header-id-meta":"","stick-header-meta":"","header-above-stick-meta":"","header-main-stick-meta":"","header-below-stick-meta":"","astra-migrate-meta-layouts":"default","ast-page-background-enabled":"default","ast-page-background-meta":{"desktop":{"background-color":"var(--ast-global-color-4)","background-image":"","background-repeat":"repeat","background-position":"center center","background-size":"auto","background-attachment":"scroll","background-type":"","background-media":"","overlay-type":"","overlay-color":"","overlay-opacity":"","overlay-gradient":""},"tablet":{"background-color":"","background-image":"","background-repeat":"repeat","background-position":"center center","background-size":"auto","background-attachment":"scroll","background-type":"","background-media":"","overlay-type":"","overlay-color":"","overlay-opacity":"","overlay-gradient":""},"mobile":{"background-color":"","background-image":"","background-repeat":"repeat","background-position":"center center","background-size":"auto","background-attachment":"scroll","background-type":"","background-media":"","overlay-type":"","overlay-color":"","overlay-opacity":"","overlay-gradient":""}},"ast-content-background-meta":{"desktop":{"background-color":"var(--ast-global-color-5)","background-image":"","background-repeat":"repeat","background-position":"center center","background-size":"auto","background-attachment":"scroll","background-type":"","background-media":"","overlay-type":"","overlay-color":"","overlay-opacity":"","overlay-gradient":""},"tablet":{"background-color":"var(--ast-global-color-5)","background-image":"","background-repeat":"repeat","background-position":"center center","background-size":"auto","background-attachment":"scroll","background-type":"","background-media":"","overlay-type":"","overlay-color":"","overlay-opacity":"","overlay-gradient":""},"mobile":{"background-color":"var(--ast-global-color-5)","background-image":"","background-repeat":"repeat","background-position":"center center","background-size":"auto","background-attachment":"scroll","background-type":"","background-media":"","overlay-type":"","overlay-color":"","overlay-opacity":"","overlay-gradient":""}},"footnotes":""},"class_list":["post-288","page","type-page","status-publish","hentry"],"yoast_head":"<!-- This site is optimized with the Yoast SEO plugin v24.1 - https:\/\/yoast.com\/wordpress\/plugins\/seo\/ -->\n<title>Curiosidades - Archivo Hist\u00f3rico de Villada<\/title>\n<meta name=\"robots\" content=\"index, follow, max-snippet:-1, max-image-preview:large, max-video-preview:-1\" \/>\n<link rel=\"canonical\" href=\"https:\/\/www.villadaturismo.com\/historia\/curiosidades\/\" \/>\n<meta property=\"og:locale\" content=\"es_ES\" \/>\n<meta property=\"og:type\" content=\"article\" \/>\n<meta property=\"og:title\" content=\"Curiosidades - Archivo Hist\u00f3rico de Villada\" \/>\n<meta property=\"og:url\" content=\"https:\/\/www.villadaturismo.com\/historia\/curiosidades\/\" \/>\n<meta property=\"og:site_name\" content=\"Archivo Hist\u00f3rico de Villada\" \/>\n<meta property=\"article:publisher\" content=\"https:\/\/www.facebook.com\/ayuntamiento.devillada\/?locale=es_ES\" \/>\n<meta property=\"article:modified_time\" content=\"2024-11-28T11:59:18+00:00\" \/>\n<meta name=\"twitter:card\" content=\"summary_large_image\" \/>\n<meta name=\"twitter:site\" content=\"@aytodevillada\" \/>\n<meta name=\"twitter:label1\" content=\"Tiempo de lectura\" \/>\n\t<meta name=\"twitter:data1\" content=\"2 minutos\" \/>\n<script type=\"application\/ld+json\" class=\"yoast-schema-graph\">{\"@context\":\"https:\/\/schema.org\",\"@graph\":[{\"@type\":\"WebPage\",\"@id\":\"https:\/\/www.villadaturismo.com\/historia\/curiosidades\/\",\"url\":\"https:\/\/www.villadaturismo.com\/historia\/curiosidades\/\",\"name\":\"Curiosidades - Archivo Hist\u00f3rico de Villada\",\"isPartOf\":{\"@id\":\"https:\/\/www.villadaturismo.com\/historia\/#website\"},\"datePublished\":\"2024-01-11T12:40:57+00:00\",\"dateModified\":\"2024-11-28T11:59:18+00:00\",\"breadcrumb\":{\"@id\":\"https:\/\/www.villadaturismo.com\/historia\/curiosidades\/#breadcrumb\"},\"inLanguage\":\"es\",\"potentialAction\":[{\"@type\":\"ReadAction\",\"target\":[\"https:\/\/www.villadaturismo.com\/historia\/curiosidades\/\"]}]},{\"@type\":\"BreadcrumbList\",\"@id\":\"https:\/\/www.villadaturismo.com\/historia\/curiosidades\/#breadcrumb\",\"itemListElement\":[{\"@type\":\"ListItem\",\"position\":1,\"name\":\"Portada\",\"item\":\"https:\/\/www.villadaturismo.com\/historia\/\"},{\"@type\":\"ListItem\",\"position\":2,\"name\":\"Curiosidades\"}]},{\"@type\":\"WebSite\",\"@id\":\"https:\/\/www.villadaturismo.com\/historia\/#website\",\"url\":\"https:\/\/www.villadaturismo.com\/historia\/\",\"name\":\"Archivo Hist\u00f3rico de Villada\",\"description\":\"Archivo Hist\u00f3rico de Villada\",\"publisher\":{\"@id\":\"https:\/\/www.villadaturismo.com\/historia\/#organization\"},\"alternateName\":\"Villada historia\",\"potentialAction\":[{\"@type\":\"SearchAction\",\"target\":{\"@type\":\"EntryPoint\",\"urlTemplate\":\"https:\/\/www.villadaturismo.com\/historia\/?s={search_term_string}\"},\"query-input\":{\"@type\":\"PropertyValueSpecification\",\"valueRequired\":true,\"valueName\":\"search_term_string\"}}],\"inLanguage\":\"es\"},{\"@type\":\"Organization\",\"@id\":\"https:\/\/www.villadaturismo.com\/historia\/#organization\",\"name\":\"Archivo Hist\u00f3rico de Villada\",\"alternateName\":\"historia villada\",\"url\":\"https:\/\/www.villadaturismo.com\/historia\/\",\"logo\":{\"@type\":\"ImageObject\",\"inLanguage\":\"es\",\"@id\":\"https:\/\/www.villadaturismo.com\/historia\/#\/schema\/logo\/image\/\",\"url\":\"https:\/\/www.villadaturismo.com\/historia\/wp-content\/uploads\/2024\/02\/logovillaada.png\",\"contentUrl\":\"https:\/\/www.villadaturismo.com\/historia\/wp-content\/uploads\/2024\/02\/logovillaada.png\",\"width\":1836,\"height\":1663,\"caption\":\"Archivo Hist\u00f3rico de Villada\"},\"image\":{\"@id\":\"https:\/\/www.villadaturismo.com\/historia\/#\/schema\/logo\/image\/\"},\"sameAs\":[\"https:\/\/www.facebook.com\/ayuntamiento.devillada\/?locale=es_ES\",\"https:\/\/x.com\/aytodevillada\",\"https:\/\/www.instagram.com\/ayuntamiento_villada\/\",\"https:\/\/villada.es\/\"]}]}<\/script>\n<!-- \/ Yoast SEO plugin. -->","yoast_head_json":{"title":"Curiosidades - Archivo Hist\u00f3rico de Villada","robots":{"index":"index","follow":"follow","max-snippet":"max-snippet:-1","max-image-preview":"max-image-preview:large","max-video-preview":"max-video-preview:-1"},"canonical":"https:\/\/www.villadaturismo.com\/historia\/curiosidades\/","og_locale":"es_ES","og_type":"article","og_title":"Curiosidades - Archivo Hist\u00f3rico de Villada","og_url":"https:\/\/www.villadaturismo.com\/historia\/curiosidades\/","og_site_name":"Archivo Hist\u00f3rico de Villada","article_publisher":"https:\/\/www.facebook.com\/ayuntamiento.devillada\/?locale=es_ES","article_modified_time":"2024-11-28T11:59:18+00:00","twitter_card":"summary_large_image","twitter_site":"@aytodevillada","twitter_misc":{"Tiempo de lectura":"2 minutos"},"schema":{"@context":"https:\/\/schema.org","@graph":[{"@type":"WebPage","@id":"https:\/\/www.villadaturismo.com\/historia\/curiosidades\/","url":"https:\/\/www.villadaturismo.com\/historia\/curiosidades\/","name":"Curiosidades - Archivo Hist\u00f3rico de Villada","isPartOf":{"@id":"https:\/\/www.villadaturismo.com\/historia\/#website"},"datePublished":"2024-01-11T12:40:57+00:00","dateModified":"2024-11-28T11:59:18+00:00","breadcrumb":{"@id":"https:\/\/www.villadaturismo.com\/historia\/curiosidades\/#breadcrumb"},"inLanguage":"es","potentialAction":[{"@type":"ReadAction","target":["https:\/\/www.villadaturismo.com\/historia\/curiosidades\/"]}]},{"@type":"BreadcrumbList","@id":"https:\/\/www.villadaturismo.com\/historia\/curiosidades\/#breadcrumb","itemListElement":[{"@type":"ListItem","position":1,"name":"Portada","item":"https:\/\/www.villadaturismo.com\/historia\/"},{"@type":"ListItem","position":2,"name":"Curiosidades"}]},{"@type":"WebSite","@id":"https:\/\/www.villadaturismo.com\/historia\/#website","url":"https:\/\/www.villadaturismo.com\/historia\/","name":"Archivo Hist\u00f3rico de Villada","description":"Archivo Hist\u00f3rico de Villada","publisher":{"@id":"https:\/\/www.villadaturismo.com\/historia\/#organization"},"alternateName":"Villada historia","potentialAction":[{"@type":"SearchAction","target":{"@type":"EntryPoint","urlTemplate":"https:\/\/www.villadaturismo.com\/historia\/?s={search_term_string}"},"query-input":{"@type":"PropertyValueSpecification","valueRequired":true,"valueName":"search_term_string"}}],"inLanguage":"es"},{"@type":"Organization","@id":"https:\/\/www.villadaturismo.com\/historia\/#organization","name":"Archivo Hist\u00f3rico de Villada","alternateName":"historia villada","url":"https:\/\/www.villadaturismo.com\/historia\/","logo":{"@type":"ImageObject","inLanguage":"es","@id":"https:\/\/www.villadaturismo.com\/historia\/#\/schema\/logo\/image\/","url":"https:\/\/www.villadaturismo.com\/historia\/wp-content\/uploads\/2024\/02\/logovillaada.png","contentUrl":"https:\/\/www.villadaturismo.com\/historia\/wp-content\/uploads\/2024\/02\/logovillaada.png","width":1836,"height":1663,"caption":"Archivo Hist\u00f3rico de Villada"},"image":{"@id":"https:\/\/www.villadaturismo.com\/historia\/#\/schema\/logo\/image\/"},"sameAs":["https:\/\/www.facebook.com\/ayuntamiento.devillada\/?locale=es_ES","https:\/\/x.com\/aytodevillada","https:\/\/www.instagram.com\/ayuntamiento_villada\/","https:\/\/villada.es\/"]}]}},"tpgb_featured_images":null,"tpgb_post_meta_info":{"get_date":"11\/01\/2024","get_modified_date":"28\/11\/2024","author_name":"archivovillada","author_url":"https:\/\/www.villadaturismo.com\/historia\/author\/archivovillada\/","author_email":"sistembookjoven@gmail.com","author_website":"https:\/\/www.villadaturismo.com\/historia","author_description":"","author_facebook":"","author_twitter":"","author_instagram":"","author_role":["administrator"],"author_firstname":"","author_lastname":"","user_login":"archivovillada","author_avatar":"<img alt='' src='https:\/\/secure.gravatar.com\/avatar\/70a9c2e8e30b528b127678ab17bc3e849b71ad7835099e0d245bb355c3e1f2fc?s=200&#038;d=mm&#038;r=g' srcset='https:\/\/secure.gravatar.com\/avatar\/70a9c2e8e30b528b127678ab17bc3e849b71ad7835099e0d245bb355c3e1f2fc?s=400&#038;d=mm&#038;r=g 2x' class='avatar avatar-200 photo' height='200' width='200' decoding='async'\/>","author_avatar_url":"https:\/\/secure.gravatar.com\/avatar\/70a9c2e8e30b528b127678ab17bc3e849b71ad7835099e0d245bb355c3e1f2fc?s=96&d=mm&r=g","comment_count":0,"post_likes":0,"post_views":0},"tpgb_post_category":[],"_links":{"self":[{"href":"https:\/\/www.villadaturismo.com\/historia\/wp-json\/wp\/v2\/pages\/288","targetHints":{"allow":["GET"]}}],"collection":[{"href":"https:\/\/www.villadaturismo.com\/historia\/wp-json\/wp\/v2\/pages"}],"about":[{"href":"https:\/\/www.villadaturismo.com\/historia\/wp-json\/wp\/v2\/types\/page"}],"author":[{"embeddable":true,"href":"https:\/\/www.villadaturismo.com\/historia\/wp-json\/wp\/v2\/users\/1"}],"replies":[{"embeddable":true,"href":"https:\/\/www.villadaturismo.com\/historia\/wp-json\/wp\/v2\/comments?post=288"}],"version-history":[{"count":8,"href":"https:\/\/www.villadaturismo.com\/historia\/wp-json\/wp\/v2\/pages\/288\/revisions"}],"predecessor-version":[{"id":1534,"href":"https:\/\/www.villadaturismo.com\/historia\/wp-json\/wp\/v2\/pages\/288\/revisions\/1534"}],"wp:attachment":[{"href":"https:\/\/www.villadaturismo.com\/historia\/wp-json\/wp\/v2\/media?parent=288"}],"curies":[{"name":"wp","href":"https:\/\/api.w.org\/{rel}","templated":true}]}}